{"id":1415,"date":"2026-03-06T09:55:05","date_gmt":"2026-03-06T09:55:05","guid":{"rendered":"https:\/\/acompanhamais.cm-tavira.pt\/?page_id=1415"},"modified":"2026-03-06T09:55:05","modified_gmt":"2026-03-06T09:55:05","slug":"metodologia-25-29","status":"publish","type":"page","link":"https:\/\/acompanhamais.cm-tavira.pt\/index.php\/metodologia-25-29\/","title":{"rendered":"Metodologia"},"content":{"rendered":"\n<p><strong>Medidas: O que inclui e como avaliamos<\/strong><\/p>\n\n\n\n<p>O <strong>Acompanha+<\/strong> \u00e9 a ferramenta que lhe permite acompanhar, de forma simples, clara e em tempo real, o cumprimento das medidas propostas no Programa Eleitoral, que define o plano de a\u00e7\u00e3o do Executivo Municipal para o mandato 2025-2029.<\/p>\n\n\n\n<p>As medidas est\u00e3o organizadas em tr\u00eas categorias:<\/p>\n\n\n\n<p><strong>Executadas<\/strong>: j\u00e1 conclu\u00eddas, com as a\u00e7\u00f5es realizadas descritas;<\/p>\n\n\n\n<p><strong>Em Execu\u00e7\u00e3o<\/strong>:&nbsp; em curso, com ponto de situa\u00e7\u00e3o atualizado;<\/p>\n\n\n\n<p><strong>N\u00e3o Executadas:<\/strong> ainda n\u00e3o iniciadas.<\/p>\n\n\n\n<p>No \u201c<strong>o que nunca deixaremos de fazer<\/strong>\u201d, pode consultar outras a\u00e7\u00f5es e iniciativas que complementam o programa apresentado.<\/p>\n\n\n\n<p>H\u00e1 compromissos que dependem exclusivamente do munic\u00edpio e outros que envolvem fatores externos, como a colabora\u00e7\u00e3o de particulares ou de entidades supramunicipais. Nestes casos, a nossa a\u00e7\u00e3o \u00e9 focada no di\u00e1logo e na procura de solu\u00e7\u00f5es, mantendo o compromisso com a popula\u00e7\u00e3o.<\/p>\n\n\n\n<p>O <strong>Acompanha+<\/strong> \u00e9 a nossa forma de prestar contas com transpar\u00eancia e responsabilidade. Queremos que todos possam acompanhar e avaliar o que est\u00e1 a ser feito, para que juntos possamos fazer acontecer um presente e um futuro melhor para o Munic\u00edpio de Tavira.<\/p>\n\n\n\n<p><\/p>\n","protected":false},"excerpt":{"rendered":"<p>Medidas: O que inclui e como avaliamos O Acompanha+ \u00e9 a ferramenta que lhe permite acompanhar, de forma simples, clara e em tempo real, o cumprimento das medidas propostas no Programa Eleitoral, que define o plano de a\u00e7\u00e3o do Executivo Municipal para o mandato 2025-2029. As medidas est\u00e3o organizadas em tr\u00eas categorias: Executadas: j\u00e1 conclu\u00eddas, [&hellip;]<\/p>\n","protected":false},"author":7,"featured_media":0,"parent":0,"menu_order":0,"comment_status":"closed","ping_status":"closed","template":"","meta":{"footnotes":""},"sub_categoria":[],"fase_do_projeto":[],"class_list":["post-1415","page","type-page","status-publish","hentry"],"_links":{"self":[{"href":"https:\/\/acompanhamais.cm-tavira.pt\/index.php\/wp-json\/wp\/v2\/pages\/1415","targetHints":{"allow":["GET"]}}],"collection":[{"href":"https:\/\/acompanhamais.cm-tavira.pt\/index.php\/wp-json\/wp\/v2\/pages"}],"about":[{"href":"https:\/\/acompanhamais.cm-tavira.pt\/index.php\/wp-json\/wp\/v2\/types\/page"}],"author":[{"embeddable":true,"href":"https:\/\/acompanhamais.cm-tavira.pt\/index.php\/wp-json\/wp\/v2\/users\/7"}],"replies":[{"embeddable":true,"href":"https:\/\/acompanhamais.cm-tavira.pt\/index.php\/wp-json\/wp\/v2\/comments?post=1415"}],"version-history":[{"count":1,"href":"https:\/\/acompanhamais.cm-tavira.pt\/index.php\/wp-json\/wp\/v2\/pages\/1415\/revisions"}],"predecessor-version":[{"id":1416,"href":"https:\/\/acompanhamais.cm-tavira.pt\/index.php\/wp-json\/wp\/v2\/pages\/1415\/revisions\/1416"}],"wp:attachment":[{"href":"https:\/\/acompanhamais.cm-tavira.pt\/index.php\/wp-json\/wp\/v2\/media?parent=1415"}],"wp:term":[{"taxonomy":"sub_categoria","embeddable":true,"href":"https:\/\/acompanhamais.cm-tavira.pt\/index.php\/wp-json\/wp\/v2\/sub_categoria?post=1415"},{"taxonomy":"fase_do_projeto","embeddable":true,"href":"https:\/\/acompanhamais.cm-tavira.pt\/index.php\/wp-json\/wp\/v2\/fase_do_projeto?post=1415"}],"curies":[{"name":"wp","href":"https:\/\/api.w.org\/{rel}","templated":true}]}}