{"id":1419,"date":"2026-03-06T10:04:29","date_gmt":"2026-03-06T10:04:29","guid":{"rendered":"https:\/\/acompanhamais.cm-tavira.pt\/?page_id=1419"},"modified":"2026-03-06T10:10:06","modified_gmt":"2026-03-06T10:10:06","slug":"assembleias-municipais","status":"publish","type":"page","link":"https:\/\/acompanhamais.cm-tavira.pt\/index.php\/assembleias-municipais\/","title":{"rendered":"Assembleias Municipais"},"content":{"rendered":"\n<p class=\"has-medium-font-size\"><\/p>\n\n\n\n<p><\/p>\n\n\n\n<p class=\"has-x-large-font-size\"><strong>Mandato 2025-2029<\/strong><\/p>\n\n\n\n<p><\/p>\n\n\n\n<p><\/p>\n\n\n\n<p class=\"has-x-large-font-size\"><strong>2025<\/strong><\/p>\n\n\n\n<p><strong>03 dezembro 2025<\/strong><\/p>\n\n\n\n<p>Consulte todas as delibera\u00e7\u00f5es, ata e ordem dos trabalhos desta assembleia municipal <a href=\"https:\/\/cm-tavira.pt\/site\/assembleia-municipal\/sessoes\/\"><strong>aqui<\/strong><\/a><\/p>\n\n\n\n<p><\/p>\n\n\n\n<p><strong>30 dezembro 2025<\/strong><\/p>\n\n\n\n<p>Consulte todas as delibera\u00e7\u00f5es, ata e ordem dos trabalhos desta assembleia municipal <a href=\"https:\/\/cm-tavira.pt\/site\/assembleia-municipal\/sessoes\/\"><strong>aqui<\/strong><\/a><\/p>\n\n\n\n<p><\/p>\n\n\n\n<p><\/p>\n\n\n\n<p class=\"has-x-large-font-size\"><strong>2026<\/strong><\/p>\n\n\n\n<p><strong>25 fevereiro 2026<\/strong><\/p>\n\n\n\n<iframe loading=\"lazy\" width=\"560\" height=\"315\" src=\"https:\/\/www.youtube.com\/embed\/tKjykYJ1u1s?si=EW-IyDOhbITLcz6g\" title=\"YouTube video player\" frameborder=\"0\" allow=\"accelerometer; autoplay; clipboard-write; encrypted-media; gyroscope; picture-in-picture; web-share\" referrerpolicy=\"strict-origin-when-cross-origin\" allowfullscreen><\/iframe>\n\n\n\n<p>Consulte todas as delibera\u00e7\u00f5es, ata e ordem dos trabalhos desta assembleia municipal <a href=\"https:\/\/cm-tavira.pt\/site\/assembleia-municipal\/sessoes\/\"><strong>aqui<\/strong><\/a><\/p>\n\n\n\n<p><\/p>\n","protected":false},"excerpt":{"rendered":"<p>Mandato 2025-2029 2025 03 dezembro 2025 Consulte todas as delibera\u00e7\u00f5es, ata e ordem dos trabalhos desta assembleia municipal aqui 30 dezembro 2025 Consulte todas as delibera\u00e7\u00f5es, ata e ordem dos trabalhos desta assembleia municipal aqui 2026 25 fevereiro 2026 Consulte todas as delibera\u00e7\u00f5es, ata e ordem dos trabalhos desta assembleia municipal aqui<\/p>\n","protected":false},"author":7,"featured_media":0,"parent":0,"menu_order":0,"comment_status":"closed","ping_status":"closed","template":"","meta":{"footnotes":""},"sub_categoria":[],"fase_do_projeto":[],"class_list":["post-1419","page","type-page","status-publish","hentry"],"_links":{"self":[{"href":"https:\/\/acompanhamais.cm-tavira.pt\/index.php\/wp-json\/wp\/v2\/pages\/1419","targetHints":{"allow":["GET"]}}],"collection":[{"href":"https:\/\/acompanhamais.cm-tavira.pt\/index.php\/wp-json\/wp\/v2\/pages"}],"about":[{"href":"https:\/\/acompanhamais.cm-tavira.pt\/index.php\/wp-json\/wp\/v2\/types\/page"}],"author":[{"embeddable":true,"href":"https:\/\/acompanhamais.cm-tavira.pt\/index.php\/wp-json\/wp\/v2\/users\/7"}],"replies":[{"embeddable":true,"href":"https:\/\/acompanhamais.cm-tavira.pt\/index.php\/wp-json\/wp\/v2\/comments?post=1419"}],"version-history":[{"count":7,"href":"https:\/\/acompanhamais.cm-tavira.pt\/index.php\/wp-json\/wp\/v2\/pages\/1419\/revisions"}],"predecessor-version":[{"id":1428,"href":"https:\/\/acompanhamais.cm-tavira.pt\/index.php\/wp-json\/wp\/v2\/pages\/1419\/revisions\/1428"}],"wp:attachment":[{"href":"https:\/\/acompanhamais.cm-tavira.pt\/index.php\/wp-json\/wp\/v2\/media?parent=1419"}],"wp:term":[{"taxonomy":"sub_categoria","embeddable":true,"href":"https:\/\/acompanhamais.cm-tavira.pt\/index.php\/wp-json\/wp\/v2\/sub_categoria?post=1419"},{"taxonomy":"fase_do_projeto","embeddable":true,"href":"https:\/\/acompanhamais.cm-tavira.pt\/index.php\/wp-json\/wp\/v2\/fase_do_projeto?post=1419"}],"curies":[{"name":"wp","href":"https:\/\/api.w.org\/{rel}","templated":true}]}}