{"id":618,"date":"2024-11-11T15:14:34","date_gmt":"2024-11-11T15:14:34","guid":{"rendered":"https:\/\/acompanhamais.cm-tavira.pt\/?page_id=618"},"modified":"2026-03-04T12:25:14","modified_gmt":"2026-03-04T12:25:14","slug":"metodologia","status":"publish","type":"page","link":"https:\/\/acompanhamais.cm-tavira.pt\/index.php\/metodologia\/","title":{"rendered":"Metodologia"},"content":{"rendered":"\n<p><strong>Medidas: O que inclui e como avaliamos<\/strong><\/p>\n\n\n\n<p>O Acompanha+ \u00e9 a ferramenta que lhe permite acompanhar, de forma simples, clara e em tempo real, o cumprimento das medidas propostas no Pograma Eleitoral, que define o plano de a\u00e7\u00e3o do Executivo Municipal para o mandato 2021-2025.<\/p>\n\n\n\n<p>As medidas est\u00e3o organizadas em tr\u00eas categorias:<br><strong>Executadas<\/strong>: j\u00e1 conclu\u00eddas, com as a\u00e7\u00f5es realizadas descritas;<\/p>\n\n\n\n<p><strong>Em Execu\u00e7\u00e3o<\/strong>:&nbsp; em curso, com ponto de situa\u00e7\u00e3o atualizado;<\/p>\n\n\n\n<p><strong>N\u00e3o Executadas:<\/strong> ainda n\u00e3o iniciadas.<\/p>\n\n\n\n<p>No \u201cFazemos +\u201d, encontra ainda informa\u00e7\u00f5es sobre obras e iniciativas realizadas fora do programa eleitoral, al\u00e9m de um resumo das interven\u00e7\u00f5es feitas em cada freguesia, em articula\u00e7\u00e3o com os autarcas locais.<\/p>\n\n\n\n<p>Para calcular o progresso do Acompanha+, ou seja, o valor das percentagens, consideramos todas as medidas previstas no Programa Eleitoral, mas exclu\u00edmos o \u201cFazemos +\u201d, por n\u00e3o serem compromissos assumidos no Programa Eleitoral. Para al\u00e9m disso, consideramos como \u201cexecutadas\u201d as obras cujas empreitadas j\u00e1 est\u00e3o adjudicadas. Para efeitos do c\u00e1lculo do tempo restante do mandato, assumimos a data de 26 de setembro de 2025 (data das \u00faltimas elei\u00e7\u00f5es aut\u00e1rquicas), sendo que ser\u00e1 ajustado automaticamente assim que for de conhecimento publico a data das pr\u00f3ximas elei\u00e7\u00f5es.<\/p>\n\n\n\n<p>H\u00e1 compromissos que dependem exclusivamente do munic\u00edpio e outros que envolvem fatores externos, como a colabora\u00e7\u00e3o de particulares ou de entidades supramunicipais. Nestes casos, a nossa a\u00e7\u00e3o \u00e9 focada no di\u00e1logo e na procura de solu\u00e7\u00f5es, mantendo o compromisso com a popula\u00e7\u00e3o.<\/p>\n\n\n\n<p>O <strong>Acompanha+<\/strong> \u00e9 a nossa forma de prestar contas com transpar\u00eancia e responsabilidade. Queremos que todos possam acompanhar e avaliar o que est\u00e1 a ser feito, para que juntos possamos fazer acontecer um presente e um futuro melhor para o Munic\u00edpio de Tavira.<\/p>\n","protected":false},"excerpt":{"rendered":"<p>Medidas: O que inclui e como avaliamos O Acompanha+ \u00e9 a ferramenta que lhe permite acompanhar, de forma simples, clara e em tempo real, o cumprimento das medidas propostas no Pograma Eleitoral, que define o plano de a\u00e7\u00e3o do Executivo Municipal para o mandato 2021-2025. As medidas est\u00e3o organizadas em tr\u00eas categorias:Executadas: j\u00e1 conclu\u00eddas, com [&hellip;]<\/p>\n","protected":false},"author":1,"featured_media":0,"parent":0,"menu_order":0,"comment_status":"closed","ping_status":"closed","template":"","meta":{"footnotes":""},"sub_categoria":[],"fase_do_projeto":[],"class_list":["post-618","page","type-page","status-publish","hentry"],"_links":{"self":[{"href":"https:\/\/acompanhamais.cm-tavira.pt\/index.php\/wp-json\/wp\/v2\/pages\/618","targetHints":{"allow":["GET"]}}],"collection":[{"href":"https:\/\/acompanhamais.cm-tavira.pt\/index.php\/wp-json\/wp\/v2\/pages"}],"about":[{"href":"https:\/\/acompanhamais.cm-tavira.pt\/index.php\/wp-json\/wp\/v2\/types\/page"}],"author":[{"embeddable":true,"href":"https:\/\/acompanhamais.cm-tavira.pt\/index.php\/wp-json\/wp\/v2\/users\/1"}],"replies":[{"embeddable":true,"href":"https:\/\/acompanhamais.cm-tavira.pt\/index.php\/wp-json\/wp\/v2\/comments?post=618"}],"version-history":[{"count":3,"href":"https:\/\/acompanhamais.cm-tavira.pt\/index.php\/wp-json\/wp\/v2\/pages\/618\/revisions"}],"predecessor-version":[{"id":1058,"href":"https:\/\/acompanhamais.cm-tavira.pt\/index.php\/wp-json\/wp\/v2\/pages\/618\/revisions\/1058"}],"wp:attachment":[{"href":"https:\/\/acompanhamais.cm-tavira.pt\/index.php\/wp-json\/wp\/v2\/media?parent=618"}],"wp:term":[{"taxonomy":"sub_categoria","embeddable":true,"href":"https:\/\/acompanhamais.cm-tavira.pt\/index.php\/wp-json\/wp\/v2\/sub_categoria?post=618"},{"taxonomy":"fase_do_projeto","embeddable":true,"href":"https:\/\/acompanhamais.cm-tavira.pt\/index.php\/wp-json\/wp\/v2\/fase_do_projeto?post=618"}],"curies":[{"name":"wp","href":"https:\/\/api.w.org\/{rel}","templated":true}]}}